{"id":44,"date":"2022-10-14T08:57:58","date_gmt":"2022-10-14T08:57:58","guid":{"rendered":"https:\/\/tubola.com\/blog\/?page_id=44"},"modified":"2022-10-14T09:06:42","modified_gmt":"2022-10-14T09:06:42","slug":"blog","status":"publish","type":"page","link":"https:\/\/www.tubola.com\/blog\/","title":{"rendered":"Blog"},"content":{"rendered":"\t\t<div data-elementor-type=\"wp-page\" data-elementor-id=\"44\" class=\"elementor elementor-44\">\n\t\t\t\t\t\t\t\t\t<section class=\"elementor-section elementor-top-section elementor-element elementor-element-1d8f29c elementor-section-boxed elementor-section-height-default elementor-section-height-default\" data-id=\"1d8f29c\" data-element_type=\"section\">\n\t\t\t\t\t\t<div class=\"elementor-container elementor-column-gap-default\">\n\t\t\t\t\t<div class=\"elementor-column elementor-col-100 elementor-top-column elementor-element elementor-element-86192c1\" data-id=\"86192c1\" data-element_type=\"column\">\n\t\t\t<div class=\"elementor-widget-wrap elementor-element-populated\">\n\t\t\t\t\t\t\t\t<div class=\"elementor-element elementor-element-7a86a7e elementor-widget elementor-widget-heading\" data-id=\"7a86a7e\" data-element_type=\"widget\" data-widget_type=\"heading.default\">\n\t\t\t\t<div class=\"elementor-widget-container\">\n\t\t\t<style>\/*! elementor - v3.7.8 - 02-10-2022 *\/\n.elementor-heading-title{padding:0;margin:0;line-height:1}.elementor-widget-heading .elementor-heading-title[class*=elementor-size-]>a{color:inherit;font-size:inherit;line-height:inherit}.elementor-widget-heading .elementor-heading-title.elementor-size-small{font-size:15px}.elementor-widget-heading .elementor-heading-title.elementor-size-medium{font-size:19px}.elementor-widget-heading .elementor-heading-title.elementor-size-large{font-size:29px}.elementor-widget-heading .elementor-heading-title.elementor-size-xl{font-size:39px}.elementor-widget-heading .elementor-heading-title.elementor-size-xxl{font-size:59px}<\/style><h1 class=\"elementor-heading-title elementor-size-default\">Blog<\/h1>\t\t<\/div>\n\t\t\t\t<\/div>\n\t\t\t\t<div class=\"elementor-element elementor-element-addd22d elementor-widget elementor-widget-shortcode\" data-id=\"addd22d\" data-element_type=\"widget\" data-widget_type=\"shortcode.default\">\n\t\t\t\t<div class=\"elementor-widget-container\">\n\t\t\t\t\t<div class=\"elementor-shortcode\">\r\n\t\t<div class=\"bdp-post-grid-main bdp-design-1 bdpgrid-2 bdp-clearfix\">\t\t\t\r\n\t\t\t<div class=\"bdp-post-grid  bdp-medium-6 bdp-columns  bdp-first\">\t\t\r\n\t<div class=\"bdp-post-grid-content \">\r\n\t\t\t\t<div class=\"bdp-post-image-bg\">\r\n\t\t\t<a href=\"https:\/\/www.tubola.com\/blog\/las-mejores-marcas-de-golf\/\">\r\n\t\t\t\t<img decoding=\"async\" src=\"https:\/\/www.tubola.com\/blog\/wp-content\/uploads\/2023\/06\/marcas-golf.jpg\" alt=\"Las mejores marcas de Golf\" \/>\r\n\t\t\t<\/a>\r\n\t\t<\/div>\r\n\t\t\r\n\t\t<h2 class=\"bdp-post-title\">\r\n\t\t\t<a href=\"https:\/\/www.tubola.com\/blog\/las-mejores-marcas-de-golf\/\">Las mejores marcas de Golf<\/a>\r\n\t\t<\/h2>\r\n\r\n\t\t\t\t\t<div class=\"bdp-post-content\">\r\n\t\t\t\t<div class=\"bdp-post-short-content\">Las mejores marcas de golf: descubre cu\u00e1les son las m\u00e1s populares \u00a1Descubre las mejores marcas de golf y lleva tu...<\/div>\r\n\t\t\t\t\t\t\t\t\t<a href=\"https:\/\/www.tubola.com\/blog\/las-mejores-marcas-de-golf\/\" class=\"bdp-readmorebtn\">Leer m\u00e1s<\/a>\r\n\t\t\t\t\t\t\t<\/div>\r\n\t\t\t<\/div>\r\n<\/div><div class=\"bdp-post-grid  bdp-medium-6 bdp-columns \">\t\t\r\n\t<div class=\"bdp-post-grid-content \">\r\n\t\t\t\t<div class=\"bdp-post-image-bg\">\r\n\t\t\t<a href=\"https:\/\/www.tubola.com\/blog\/donde-comprar-carritos-de-golf-sin-morir-en-el-intento\/\">\r\n\t\t\t\t<img decoding=\"async\" src=\"https:\/\/www.tubola.com\/blog\/wp-content\/uploads\/2023\/03\/carrito-de-golf-1-858x1024.jpg\" alt=\"\u00bfD\u00f3nde comprar carritos de golf sin morir en el intento?\" \/>\r\n\t\t\t<\/a>\r\n\t\t<\/div>\r\n\t\t\r\n\t\t<h2 class=\"bdp-post-title\">\r\n\t\t\t<a href=\"https:\/\/www.tubola.com\/blog\/donde-comprar-carritos-de-golf-sin-morir-en-el-intento\/\">\u00bfD\u00f3nde comprar carritos de golf sin morir en el intento?<\/a>\r\n\t\t<\/h2>\r\n\r\n\t\t\t\t\t<div class=\"bdp-post-content\">\r\n\t\t\t\t<div class=\"bdp-post-short-content\">\u00bfD\u00f3nde comprar carritos de golf sin morir en el intento? Comprar carritos de golf parece ser una tarea sencilla, pero...<\/div>\r\n\t\t\t\t\t\t\t\t\t<a href=\"https:\/\/www.tubola.com\/blog\/donde-comprar-carritos-de-golf-sin-morir-en-el-intento\/\" class=\"bdp-readmorebtn\">Leer m\u00e1s<\/a>\r\n\t\t\t\t\t\t\t<\/div>\r\n\t\t\t<\/div>\r\n<\/div><div class=\"bdp-post-grid  bdp-medium-6 bdp-columns  bdp-first\">\t\t\r\n\t<div class=\"bdp-post-grid-content \">\r\n\t\t\t\t<div class=\"bdp-post-image-bg\">\r\n\t\t\t<a href=\"https:\/\/www.tubola.com\/blog\/las-mejores-bolas-recuperadas-de-golf\/\">\r\n\t\t\t\t<img decoding=\"async\" src=\"https:\/\/www.tubola.com\/blog\/wp-content\/uploads\/2023\/01\/bolas-recuperadas-golf-1024x768.jpg\" alt=\"Las mejores bolas recuperadas de golf\" \/>\r\n\t\t\t<\/a>\r\n\t\t<\/div>\r\n\t\t\r\n\t\t<h2 class=\"bdp-post-title\">\r\n\t\t\t<a href=\"https:\/\/www.tubola.com\/blog\/las-mejores-bolas-recuperadas-de-golf\/\">Las mejores bolas recuperadas de golf<\/a>\r\n\t\t<\/h2>\r\n\r\n\t\t\t\t\t<div class=\"bdp-post-content\">\r\n\t\t\t\t<div class=\"bdp-post-short-content\">Las mejores bolas recuperadas de golf Para que ahorres en la pr\u00e1ctica de tu deporte preferido, hoy queremos hablarte de...<\/div>\r\n\t\t\t\t\t\t\t\t\t<a href=\"https:\/\/www.tubola.com\/blog\/las-mejores-bolas-recuperadas-de-golf\/\" class=\"bdp-readmorebtn\">Leer m\u00e1s<\/a>\r\n\t\t\t\t\t\t\t<\/div>\r\n\t\t\t<\/div>\r\n<\/div><div class=\"bdp-post-grid  bdp-medium-6 bdp-columns \">\t\t\r\n\t<div class=\"bdp-post-grid-content \">\r\n\t\t\t\t<div class=\"bdp-post-image-bg\">\r\n\t\t\t<a href=\"https:\/\/www.tubola.com\/blog\/de-que-estan-hechas-las-bolas-de-golf\/\">\r\n\t\t\t\t<img decoding=\"async\" src=\"https:\/\/www.tubola.com\/blog\/wp-content\/uploads\/2022\/10\/pexels-jopwell-1325751.jpg\" alt=\"\u00bfDe qu\u00e9 est\u00e1n hechas las bolas de golf?\" \/>\r\n\t\t\t<\/a>\r\n\t\t<\/div>\r\n\t\t\r\n\t\t<h2 class=\"bdp-post-title\">\r\n\t\t\t<a href=\"https:\/\/www.tubola.com\/blog\/de-que-estan-hechas-las-bolas-de-golf\/\">\u00bfDe qu\u00e9 est\u00e1n hechas las bolas de golf?<\/a>\r\n\t\t<\/h2>\r\n\r\n\t\t\t\t\t<div class=\"bdp-post-content\">\r\n\t\t\t\t<div class=\"bdp-post-short-content\">\u00bfDe qu\u00e9 est\u00e1n hechas las bolas de golf? Si eres amante del golf, sabr\u00e1s que uno de los elementos fundamentales...<\/div>\r\n\t\t\t\t\t\t\t\t\t<a href=\"https:\/\/www.tubola.com\/blog\/de-que-estan-hechas-las-bolas-de-golf\/\" class=\"bdp-readmorebtn\">Leer m\u00e1s<\/a>\r\n\t\t\t\t\t\t\t<\/div>\r\n\t\t\t<\/div>\r\n<\/div><div class=\"bdp-post-grid  bdp-medium-6 bdp-columns  bdp-first\">\t\t\r\n\t<div class=\"bdp-post-grid-content \">\r\n\t\t\t\t<div class=\"bdp-post-image-bg\">\r\n\t\t\t<a href=\"https:\/\/www.tubola.com\/blog\/las-mejores-bolas-de-golf-para-tu-handicap-en-el-2023\/\">\r\n\t\t\t\t<img decoding=\"async\" src=\"https:\/\/www.tubola.com\/blog\/wp-content\/uploads\/2022\/10\/pexels-tyler-hendy-54123.jpg\" alt=\"Las mejores bolas de golf para tu h\u00e1ndicap en el 2023\" \/>\r\n\t\t\t<\/a>\r\n\t\t<\/div>\r\n\t\t\r\n\t\t<h2 class=\"bdp-post-title\">\r\n\t\t\t<a href=\"https:\/\/www.tubola.com\/blog\/las-mejores-bolas-de-golf-para-tu-handicap-en-el-2023\/\">Las mejores bolas de golf para tu h\u00e1ndicap en el 2023<\/a>\r\n\t\t<\/h2>\r\n\r\n\t\t\t\t\t<div class=\"bdp-post-content\">\r\n\t\t\t\t<div class=\"bdp-post-short-content\">Las mejores bolas de golf para tu h\u00e1ndicap en el 2023 Elegir las bolas de golf adecuadas es un factor...<\/div>\r\n\t\t\t\t\t\t\t\t\t<a href=\"https:\/\/www.tubola.com\/blog\/las-mejores-bolas-de-golf-para-tu-handicap-en-el-2023\/\" class=\"bdp-readmorebtn\">Leer m\u00e1s<\/a>\r\n\t\t\t\t\t\t\t<\/div>\r\n\t\t\t<\/div>\r\n<\/div>\t\t<\/div>\r\n\r\n\t\t<\/div>\n\t\t\t\t<\/div>\n\t\t\t\t<\/div>\n\t\t\t\t\t<\/div>\n\t\t<\/div>\n\t\t\t\t\t\t\t<\/div>\n\t\t<\/section>\n\t\t\t\t\t\t\t<\/div>\n\t\t","protected":false},"excerpt":{"rendered":"<p>Blog<\/p>\n","protected":false},"author":1,"featured_media":0,"parent":0,"menu_order":0,"comment_status":"closed","ping_status":"closed","template":"elementor_header_footer","meta":{"site-sidebar-layout":"no-sidebar","site-content-layout":"page-builder","ast-global-header-display":"","ast-main-header-display":"","ast-hfb-above-header-display":"","ast-hfb-below-header-display":"","ast-hfb-mobile-header-display":"","site-post-title":"disabled","ast-breadcrumbs-content":"","ast-featured-img":"disabled","footer-sml-layout":"","theme-transparent-header-meta":"","adv-header-id-meta":"","stick-header-meta":"","header-above-stick-meta":"","header-main-stick-meta":"","header-below-stick-meta":"","footnotes":""},"class_list":["post-44","page","type-page","status-publish","hentry"],"yoast_head":"<!-- This site is optimized with the Yoast SEO plugin v19.8 - https:\/\/yoast.com\/wordpress\/plugins\/seo\/ -->\n<title>Blog<\/title>\n<meta name=\"robots\" content=\"noindex, follow\" \/>\n<meta property=\"og:locale\" content=\"es_ES\" \/>\n<meta property=\"og:type\" content=\"article\" \/>\n<meta property=\"og:title\" content=\"Blog\" \/>\n<meta property=\"og:description\" content=\"Blog\" \/>\n<meta property=\"og:url\" content=\"https:\/\/www.tubola.com\/blog\/\" \/>\n<meta property=\"og:site_name\" content=\"Tu Bola Blog\" \/>\n<meta property=\"article:modified_time\" content=\"2022-10-14T09:06:42+00:00\" \/>\n<meta name=\"twitter:card\" content=\"summary_large_image\" \/>\n<meta name=\"twitter:label1\" content=\"Tiempo de lectura\" \/>\n\t<meta name=\"twitter:data1\" content=\"1 minuto\" \/>\n<script type=\"application\/ld+json\" class=\"yoast-schema-graph\">{\"@context\":\"https:\/\/schema.org\",\"@graph\":[{\"@type\":\"WebPage\",\"@id\":\"https:\/\/www.tubola.com\/blog\/\",\"url\":\"https:\/\/www.tubola.com\/blog\/\",\"name\":\"Blog\",\"isPartOf\":{\"@id\":\"https:\/\/www.tubola.com\/blog\/#website\"},\"datePublished\":\"2022-10-14T08:57:58+00:00\",\"dateModified\":\"2022-10-14T09:06:42+00:00\",\"breadcrumb\":{\"@id\":\"https:\/\/www.tubola.com\/blog\/#breadcrumb\"},\"inLanguage\":\"es\",\"potentialAction\":[{\"@type\":\"ReadAction\",\"target\":[\"https:\/\/www.tubola.com\/blog\/\"]}]},{\"@type\":\"BreadcrumbList\",\"@id\":\"https:\/\/www.tubola.com\/blog\/#breadcrumb\",\"itemListElement\":[{\"@type\":\"ListItem\",\"position\":1,\"name\":\"Portada\",\"item\":\"https:\/\/www.tubola.com\/blog\/\"},{\"@type\":\"ListItem\",\"position\":2,\"name\":\"Blog\"}]},{\"@type\":\"WebSite\",\"@id\":\"https:\/\/www.tubola.com\/blog\/#website\",\"url\":\"https:\/\/www.tubola.com\/blog\/\",\"name\":\"Tu Bola Blog\",\"description\":\"\",\"publisher\":{\"@id\":\"https:\/\/www.tubola.com\/blog\/#organization\"},\"potentialAction\":[{\"@type\":\"SearchAction\",\"target\":{\"@type\":\"EntryPoint\",\"urlTemplate\":\"https:\/\/www.tubola.com\/blog\/?s={search_term_string}\"},\"query-input\":\"required name=search_term_string\"}],\"inLanguage\":\"es\"},{\"@type\":\"Organization\",\"@id\":\"https:\/\/www.tubola.com\/blog\/#organization\",\"name\":\"Tu Bola Blog\",\"url\":\"https:\/\/www.tubola.com\/blog\/\",\"sameAs\":[],\"logo\":{\"@type\":\"ImageObject\",\"inLanguage\":\"es\",\"@id\":\"https:\/\/www.tubola.com\/blog\/#\/schema\/logo\/image\/\",\"url\":\"https:\/\/www.tubola.com\/blog\/wp-content\/uploads\/2022\/10\/tubola-logo.png\",\"contentUrl\":\"https:\/\/www.tubola.com\/blog\/wp-content\/uploads\/2022\/10\/tubola-logo.png\",\"width\":212,\"height\":48,\"caption\":\"Tu Bola Blog\"},\"image\":{\"@id\":\"https:\/\/www.tubola.com\/blog\/#\/schema\/logo\/image\/\"}}]}<\/script>\n<!-- \/ Yoast SEO plugin. -->","yoast_head_json":{"title":"Blog","robots":{"index":"noindex","follow":"follow"},"og_locale":"es_ES","og_type":"article","og_title":"Blog","og_description":"Blog","og_url":"https:\/\/www.tubola.com\/blog\/","og_site_name":"Tu Bola Blog","article_modified_time":"2022-10-14T09:06:42+00:00","twitter_card":"summary_large_image","twitter_misc":{"Tiempo de lectura":"1 minuto"},"schema":{"@context":"https:\/\/schema.org","@graph":[{"@type":"WebPage","@id":"https:\/\/www.tubola.com\/blog\/","url":"https:\/\/www.tubola.com\/blog\/","name":"Blog","isPartOf":{"@id":"https:\/\/www.tubola.com\/blog\/#website"},"datePublished":"2022-10-14T08:57:58+00:00","dateModified":"2022-10-14T09:06:42+00:00","breadcrumb":{"@id":"https:\/\/www.tubola.com\/blog\/#breadcrumb"},"inLanguage":"es","potentialAction":[{"@type":"ReadAction","target":["https:\/\/www.tubola.com\/blog\/"]}]},{"@type":"BreadcrumbList","@id":"https:\/\/www.tubola.com\/blog\/#breadcrumb","itemListElement":[{"@type":"ListItem","position":1,"name":"Portada","item":"https:\/\/www.tubola.com\/blog\/"},{"@type":"ListItem","position":2,"name":"Blog"}]},{"@type":"WebSite","@id":"https:\/\/www.tubola.com\/blog\/#website","url":"https:\/\/www.tubola.com\/blog\/","name":"Tu Bola Blog","description":"","publisher":{"@id":"https:\/\/www.tubola.com\/blog\/#organization"},"potentialAction":[{"@type":"SearchAction","target":{"@type":"EntryPoint","urlTemplate":"https:\/\/www.tubola.com\/blog\/?s={search_term_string}"},"query-input":"required name=search_term_string"}],"inLanguage":"es"},{"@type":"Organization","@id":"https:\/\/www.tubola.com\/blog\/#organization","name":"Tu Bola Blog","url":"https:\/\/www.tubola.com\/blog\/","sameAs":[],"logo":{"@type":"ImageObject","inLanguage":"es","@id":"https:\/\/www.tubola.com\/blog\/#\/schema\/logo\/image\/","url":"https:\/\/www.tubola.com\/blog\/wp-content\/uploads\/2022\/10\/tubola-logo.png","contentUrl":"https:\/\/www.tubola.com\/blog\/wp-content\/uploads\/2022\/10\/tubola-logo.png","width":212,"height":48,"caption":"Tu Bola Blog"},"image":{"@id":"https:\/\/www.tubola.com\/blog\/#\/schema\/logo\/image\/"}}]}},"_links":{"self":[{"href":"https:\/\/www.tubola.com\/blog\/wp-json\/wp\/v2\/pages\/44","targetHints":{"allow":["GET"]}}],"collection":[{"href":"https:\/\/www.tubola.com\/blog\/wp-json\/wp\/v2\/pages"}],"about":[{"href":"https:\/\/www.tubola.com\/blog\/wp-json\/wp\/v2\/types\/page"}],"author":[{"embeddable":true,"href":"https:\/\/www.tubola.com\/blog\/wp-json\/wp\/v2\/users\/1"}],"replies":[{"embeddable":true,"href":"https:\/\/www.tubola.com\/blog\/wp-json\/wp\/v2\/comments?post=44"}],"version-history":[{"count":8,"href":"https:\/\/www.tubola.com\/blog\/wp-json\/wp\/v2\/pages\/44\/revisions"}],"predecessor-version":[{"id":53,"href":"https:\/\/www.tubola.com\/blog\/wp-json\/wp\/v2\/pages\/44\/revisions\/53"}],"wp:attachment":[{"href":"https:\/\/www.tubola.com\/blog\/wp-json\/wp\/v2\/media?parent=44"}],"curies":[{"name":"wp","href":"https:\/\/api.w.org\/{rel}","templated":true}]}}